{"id":218,"date":"2025-10-06T14:25:17","date_gmt":"2025-10-06T13:25:17","guid":{"rendered":"https:\/\/pro.indiqo.fr\/?page_id=218"},"modified":"2025-10-09T13:51:53","modified_gmt":"2025-10-09T12:51:53","slug":"conseil","status":"publish","type":"page","link":"https:\/\/pro.indiqo.fr\/en\/conseil\/","title":{"rendered":"Actuarial consulting"},"content":{"rendered":"<div style=\"height:29px\" aria-hidden=\"true\" class=\"wp-block-spacer\"><\/div>\n\n\n\n<div class=\"wp-block-cover alignfull\" style=\"margin-top:0;margin-bottom:0;padding-top:0;padding-right:0;padding-bottom:0;padding-left:0;min-height:428px;aspect-ratio:unset;\"><span aria-hidden=\"true\" class=\"wp-block-cover__background has-custom-color-2-background-color has-background-dim-100 has-background-dim\"><\/span><div class=\"wp-block-cover__inner-container is-layout-flow wp-block-cover-is-layout-flow\">\n<figure class=\"wp-block-image alignfull size-full wp-duotone-111111-2b1b691a-1\"><img loading=\"lazy\" decoding=\"async\" width=\"1600\" height=\"333\" src=\"https:\/\/pro.indiqo.fr\/wp-content\/uploads\/2025\/10\/a-nvhpka9rk-e1759768445645.jpg\" alt=\"lone road going to mountains\" class=\"wp-image-270\" srcset=\"https:\/\/pro.indiqo.fr\/wp-content\/uploads\/2025\/10\/a-nvhpka9rk-e1759768445645.jpg 1600w, https:\/\/pro.indiqo.fr\/wp-content\/uploads\/2025\/10\/a-nvhpka9rk-e1759768445645-300x62.jpg 300w, https:\/\/pro.indiqo.fr\/wp-content\/uploads\/2025\/10\/a-nvhpka9rk-e1759768445645-1024x213.jpg 1024w, https:\/\/pro.indiqo.fr\/wp-content\/uploads\/2025\/10\/a-nvhpka9rk-e1759768445645-768x160.jpg 768w, https:\/\/pro.indiqo.fr\/wp-content\/uploads\/2025\/10\/a-nvhpka9rk-e1759768445645-1536x320.jpg 1536w, https:\/\/pro.indiqo.fr\/wp-content\/uploads\/2025\/10\/a-nvhpka9rk-e1759768445645-610x127.jpg 610w\" sizes=\"auto, (max-width: 1600px) 100vw, 1600px\" \/><\/figure>\n<\/div><\/div>\n\n\n\n<div class=\"wp-block-group alignfull has-custom-blanc-background-color has-background has-global-padding is-layout-constrained wp-container-core-group-is-layout-669513ed wp-block-group-is-layout-constrained\" style=\"margin-top:0;margin-bottom:0;padding-top:var(--wp--preset--spacing--50);padding-right:var(--wp--preset--spacing--50);padding-bottom:var(--wp--preset--spacing--50);padding-left:var(--wp--preset--spacing--50)\">\n<div class=\"wp-block-group is-vertical is-content-justification-center is-layout-flex wp-container-core-group-is-layout-52b864f0 wp-block-group-is-layout-flex\">\n<h2 class=\"wp-block-heading has-text-align-left is-style-asterisk\">Combining business vision with execution capability<\/h2>\n\n\n\n<div style=\"height:0px\" aria-hidden=\"true\" class=\"wp-block-spacer wp-container-content-4f2ccadb\"><\/div>\n\n\n\n<p class=\"has-text-align-left has-border-color\" style=\"border-color:#fcfcfc00;border-width:5px\">Indiqo supports insurance players in addressing their technical, organizational, and management challenges.<\/p>\n\n\n\n<p class=\"has-text-align-left has-border-color\" style=\"border-color:#ffffff00;border-width:5px\">Grounded in operational expertise, the firm delivers a pragmatic, cross-functional perspective anchored in real-world realities.<\/p>\n\n\n\n<p class=\"has-text-align-left has-border-color\" style=\"border-color:#ffffff00;border-width:5px\">Beyond technical advisory, Indiqo positions itself as an implementation partner, coordinating internal projects and driving them to success \u2014 ensuring full alignment between strategy and execution.<\/p>\n<\/div>\n\n\n\n<div style=\"margin-top:0;margin-bottom:0;height:var(--wp--preset--spacing--50)\" aria-hidden=\"true\" class=\"wp-block-spacer\"><\/div>\n\n\n\n<div class=\"wp-block-columns alignwide is-layout-flex wp-container-core-columns-is-layout-d0bbbce0 wp-block-columns-is-layout-flex\">\n<div class=\"wp-block-column is-layout-flow wp-container-core-column-is-layout-e3d1c41b wp-block-column-is-layout-flow\">\n<h3 class=\"wp-block-heading has-text-align-left is-style-asterisk has-body-font-family has-medium-font-size\" style=\"font-style:normal;font-weight:600\">Pricing<\/h3>\n\n\n\n<ul class=\"wp-block-list\">\n<li>Designing and fine-tuning pricing models<\/li>\n\n\n\n<li>Profitability assessments and sensitivity analyses<\/li>\n\n\n\n<li>Adapting pricing structures to market conditions<\/li>\n<\/ul>\n<\/div>\n\n\n\n<div class=\"wp-block-column is-layout-flow wp-container-core-column-is-layout-e3d1c41b wp-block-column-is-layout-flow\">\n<h3 class=\"wp-block-heading has-text-align-left is-style-asterisk has-body-font-family has-medium-font-size\" style=\"font-style:normal;font-weight:600\">Reserving<\/h3>\n\n\n\n<ul class=\"wp-block-list\">\n<li>Assessment of technical reserving methodologies and assumptions<\/li>\n\n\n\n<li>Ensuring compliance with accounting and prudential requirements<\/li>\n\n\n\n<li>Design and structuring of reserve monitoring processes<\/li>\n<\/ul>\n<\/div>\n\n\n\n<div class=\"wp-block-column is-layout-flow wp-container-core-column-is-layout-e3d1c41b wp-block-column-is-layout-flow\">\n<h3 class=\"wp-block-heading has-text-align-left is-style-asterisk has-body-font-family has-medium-font-size\" style=\"font-style:normal;font-weight:600\">Reinsurance<\/h3>\n\n\n\n<ul class=\"wp-block-list\">\n<li>Support for renewals and reinsurance treaty modeling<\/li>\n\n\n\n<li>Optimization and steering of programs<\/li>\n\n\n\n<li>Implementation of comprehensive carrier solutions schemes<\/li>\n<\/ul>\n<\/div>\n<\/div>\n\n\n\n<div style=\"height:var(--wp--preset--spacing--20)\" aria-hidden=\"true\" class=\"wp-block-spacer\"><\/div>\n\n\n\n<div class=\"wp-block-columns alignwide is-layout-flex wp-container-core-columns-is-layout-d0bbbce0 wp-block-columns-is-layout-flex\">\n<div class=\"wp-block-column is-layout-flow wp-container-core-column-is-layout-e3d1c41b wp-block-column-is-layout-flow\">\n<h3 class=\"wp-block-heading has-text-align-left is-style-asterisk has-body-font-family has-medium-font-size\" style=\"font-style:normal;font-weight:600\">Data &amp; KPIs<\/h3>\n\n\n\n<ul class=\"wp-block-list\">\n<li>Structuring of operational data<\/li>\n\n\n\n<li>Design and development of tailored dashboards and performance indicators<\/li>\n\n\n\n<li>Support for the digitalization and automation of reporting<\/li>\n<\/ul>\n<\/div>\n\n\n\n<div class=\"wp-block-column is-layout-flow wp-container-core-column-is-layout-e3d1c41b wp-block-column-is-layout-flow\">\n<h3 class=\"wp-block-heading has-text-align-left is-style-asterisk has-body-font-family has-medium-font-size\" style=\"font-style:normal;font-weight:600\">Regulatory compliance<\/h3>\n\n\n\n<ul class=\"wp-block-list\">\n<li>Assessment and review of internal policies and operational procedures<\/li>\n\n\n\n<li>Advisory support for ACPR, ORIAS and GDPR requirements<\/li>\n\n\n\n<li>Enhancement of internal control frameworks and preparation for audits<\/li>\n<\/ul>\n<\/div>\n\n\n\n<div class=\"wp-block-column is-layout-flow wp-container-core-column-is-layout-e3d1c41b wp-block-column-is-layout-flow\">\n<h3 class=\"wp-block-heading has-text-align-left is-style-asterisk has-body-font-family has-medium-font-size\" style=\"font-style:normal;font-weight:600\">Corporate governance<\/h3>\n\n\n\n<ul class=\"wp-block-list\">\n<li>Cross-functional coordination and facilitation of transversal projects<\/li>\n\n\n\n<li>Structuring of roles and operational management<\/li>\n\n\n\n<li>Strategic support to management in steering and decision-making<\/li>\n<\/ul>\n<\/div>\n<\/div>\n<\/div>\n\n\n\n<div class=\"wp-block-cover alignfull is-light wp-duotone-2b1b69-54d67233-3\" style=\"margin-top:0;padding-top:48px;padding-right:48px;padding-bottom:48px;padding-left:48px;min-height:66vh;aspect-ratio:unset;\"><img loading=\"lazy\" decoding=\"async\" width=\"1600\" height=\"1067\" class=\"wp-block-cover__image-background wp-image-293 size-full\" alt=\"\" src=\"https:\/\/pro.indiqo.fr\/wp-content\/uploads\/2025\/10\/sj0imtq_z4w.jpg\" style=\"object-position:48% 74%\" data-object-fit=\"cover\" data-object-position=\"48% 74%\" srcset=\"https:\/\/pro.indiqo.fr\/wp-content\/uploads\/2025\/10\/sj0imtq_z4w.jpg 1600w, https:\/\/pro.indiqo.fr\/wp-content\/uploads\/2025\/10\/sj0imtq_z4w-300x200.jpg 300w, https:\/\/pro.indiqo.fr\/wp-content\/uploads\/2025\/10\/sj0imtq_z4w-1024x683.jpg 1024w, https:\/\/pro.indiqo.fr\/wp-content\/uploads\/2025\/10\/sj0imtq_z4w-768x512.jpg 768w, https:\/\/pro.indiqo.fr\/wp-content\/uploads\/2025\/10\/sj0imtq_z4w-1536x1024.jpg 1536w, https:\/\/pro.indiqo.fr\/wp-content\/uploads\/2025\/10\/sj0imtq_z4w-610x407.jpg 610w\" sizes=\"auto, (max-width: 1600px) 100vw, 1600px\" \/><span aria-hidden=\"true\" class=\"wp-block-cover__background has-background-dim-30 has-background-dim\" style=\"background-color:#b79977\"><\/span><div class=\"wp-block-cover__inner-container is-layout-flow wp-block-cover-is-layout-flow\">\n<div class=\"wp-block-group is-vertical is-content-justification-right is-layout-flex wp-container-core-group-is-layout-dcc8430b wp-block-group-is-layout-flex\" style=\"margin-top:0;margin-bottom:0;padding-top:0;padding-right:var(--wp--preset--spacing--20);padding-bottom:0;padding-left:var(--wp--preset--spacing--20)\">\n<div class=\"wp-block-group has-global-padding is-layout-constrained wp-container-core-group-is-layout-4582f6a7 wp-block-group-is-layout-constrained\">\n<h2 class=\"wp-block-heading has-text-align-center is-style-default has-white-color has-text-color\" style=\"font-size:clamp(28.366px, 1.773rem + ((1vw - 3.2px) * 2.149), 49px);font-style:normal;font-weight:700;letter-spacing:0px;line-height:1;text-transform:uppercase\">Have a project and looking for bespoke support?<\/h2>\n<\/div>\n\n\n\n<div style=\"height:0px\" aria-hidden=\"true\" class=\"wp-block-spacer wp-container-content-36c51660\"><\/div>\n\n\n\n<div class=\"wp-block-buttons is-content-justification-right is-nowrap is-layout-flex wp-container-core-buttons-is-layout-5355fa85 wp-block-buttons-is-layout-flex\">\n<div class=\"wp-block-button is-style-outline is-style-outline--2\"><a class=\"wp-block-button__link has-white-color has-text-color has-custom-font-size wp-element-button\" href=\"https:\/\/pro.indiqo.fr\/en\/contactez-nous\/\" style=\"border-width:3px;padding-top:16px;padding-right:30px;padding-bottom:16px;padding-left:30px;font-size:clamp(14px, 0.875rem + ((1vw - 3.2px) * 0.625), 20px);font-style:normal;font-weight:600;letter-spacing:0px;text-transform:uppercase\">Contact us!<\/a><\/div>\n<\/div>\n<\/div>\n<\/div><\/div>","protected":false},"excerpt":{"rendered":"<p>Allier vision m\u00e9tier et capacit\u00e9 d&rsquo;ex\u00e9cution Indiqo accompagne les acteurs de l\u2019assurance dans leurs enjeux techniques, organisationnels et de pilotage. Fort d\u2019une culture m\u00e9tier op\u00e9rationnelle, le cabinet apporte une vision transversale et pragmatique, ancr\u00e9e dans la r\u00e9alit\u00e9 du terrain. Plus qu\u2019un conseil technique, Indiqo agit comme un partenaire de mise en \u0153uvre, capable de coordonner [&hellip;]<\/p>\n","protected":false},"author":1,"featured_media":0,"parent":0,"menu_order":0,"comment_status":"closed","ping_status":"closed","template":"","meta":{"footnotes":""},"class_list":["post-218","page","type-page","status-publish","hentry"],"_links":{"self":[{"href":"https:\/\/pro.indiqo.fr\/en\/wp-json\/wp\/v2\/pages\/218","targetHints":{"allow":["GET"]}}],"collection":[{"href":"https:\/\/pro.indiqo.fr\/en\/wp-json\/wp\/v2\/pages"}],"about":[{"href":"https:\/\/pro.indiqo.fr\/en\/wp-json\/wp\/v2\/types\/page"}],"author":[{"embeddable":true,"href":"https:\/\/pro.indiqo.fr\/en\/wp-json\/wp\/v2\/users\/1"}],"replies":[{"embeddable":true,"href":"https:\/\/pro.indiqo.fr\/en\/wp-json\/wp\/v2\/comments?post=218"}],"version-history":[{"count":22,"href":"https:\/\/pro.indiqo.fr\/en\/wp-json\/wp\/v2\/pages\/218\/revisions"}],"predecessor-version":[{"id":322,"href":"https:\/\/pro.indiqo.fr\/en\/wp-json\/wp\/v2\/pages\/218\/revisions\/322"}],"wp:attachment":[{"href":"https:\/\/pro.indiqo.fr\/en\/wp-json\/wp\/v2\/media?parent=218"}],"curies":[{"name":"wp","href":"https:\/\/api.w.org\/{rel}","templated":true}]}}