{"id":75,"date":"2025-09-29T17:08:32","date_gmt":"2025-09-29T16:08:32","guid":{"rendered":"https:\/\/pro.indiqo.fr\/?page_id=75"},"modified":"2026-03-05T19:27:52","modified_gmt":"2026-03-05T18:27:52","slug":"mentions-legales","status":"publish","type":"page","link":"https:\/\/pro.indiqo.fr\/en\/mentions-legales\/","title":{"rendered":"Legal notice"},"content":{"rendered":"<div style=\"height:26px\" aria-hidden=\"true\" class=\"wp-block-spacer\"><\/div>\n\n\n\n<hr class=\"wp-block-separator has-alpha-channel-opacity\"\/>\n\n\n\n<div style=\"height:26px\" aria-hidden=\"true\" class=\"wp-block-spacer\"><\/div>\n\n\n\n<div class=\"wp-block-group has-global-padding is-layout-constrained wp-block-group-is-layout-constrained\">\n<h2 class=\"wp-block-heading has-large-font-size\">1. Website publisher<\/h2>\n\n\n\n<p class=\"has-text-align-left\">This website <a href=\"https:\/\/pro.indiqo.fr\/en\/\" data-type=\"link\" data-id=\"pro.indiqo.fr\">pro.indiqo.fr<\/a> is published by:<\/p>\n\n\n\n<p class=\"has-text-align-left\"><strong>INDIQO SARL<\/strong><br>A private limited liability company (SARL) with a share capital of \u20ac7,500<br>Registered office: 35 rue de la Poste, 69380 Charnay, France<br>Registered with the Villefranche-Tarare Trade and Companies Register under number 101 971 026<\/p>\n\n\n\n<p class=\"has-text-align-left\">Represented by its Managing Director: <strong>Florent Cannelle<\/strong><\/p>\n\n\n\n<p class=\"has-text-align-left\">Email :&nbsp;<a href=\"mailto:contact@indiqo.fr\">contact@indiqo.fr<\/a><\/p>\n<\/div>\n\n\n\n<div style=\"height:8px\" aria-hidden=\"true\" class=\"wp-block-spacer\"><\/div>\n\n\n\n<div class=\"wp-block-group has-global-padding is-layout-constrained wp-block-group-is-layout-constrained\">\n<h2 class=\"wp-block-heading has-large-font-size\">2. Activity<\/h2>\n\n\n\n<p class=\"has-text-align-left\">INDIQO carries out strategic, organizational and technical consulting activities for insurance and reinsurance stakeholders, including actuarial expertise, data analysis, organizational structuring, transformation support, compliance advisory services, and complex project management.<\/p>\n<\/div>\n\n\n\n<div style=\"height:8px\" aria-hidden=\"true\" class=\"wp-block-spacer\"><\/div>\n\n\n\n<div class=\"wp-block-group has-global-padding is-layout-constrained wp-block-group-is-layout-constrained\">\n<h2 class=\"wp-block-heading has-large-font-size\">3. Hosting<\/h2>\n\n\n\n<p class=\"has-text-align-left\">The website is hosted by:<\/p>\n\n\n\n<p><strong>INFOMANIAK NETWORK SA<\/strong><br>Avenue de la Praille 26<br>1227 Carouge, Gen\u00e8ve<br>Switzerland<\/p>\n\n\n\n<p>Phone: +41 22 820 35 44<br>Website:&nbsp;<a href=\"http:\/\/www.infomaniak.com\/\">www.infomaniak.com<\/a><\/p>\n<\/div>\n\n\n\n<div style=\"height:8px\" aria-hidden=\"true\" class=\"wp-block-spacer\"><\/div>\n\n\n\n<div class=\"wp-block-group has-global-padding is-layout-constrained wp-block-group-is-layout-constrained\">\n<h2 class=\"wp-block-heading has-large-font-size\">4. Intellectual property<\/h2>\n\n\n\n<p class=\"has-text-align-left\">All content available on this website (texts, images, graphics, logo, icons, visual elements and structure) is the exclusive property of INDIQO, unless otherwise stated.<\/p>\n\n\n\n<p>Any reproduction, representation, modification, publication or adaptation, in whole or in part, is strictly prohibited without the prior written consent of INDIQO.<\/p>\n<\/div>\n\n\n\n<div style=\"height:8px\" aria-hidden=\"true\" class=\"wp-block-spacer\"><\/div>\n\n\n\n<div class=\"wp-block-group has-global-padding is-layout-constrained wp-block-group-is-layout-constrained\">\n<h2 class=\"wp-block-heading has-large-font-size\">5. Liability<\/h2>\n\n\n\n<p class=\"has-text-align-left\">INDIQO endeavors to provide information that is as accurate as possible. However, it cannot be held liable for omissions, inaccuracies or failures to update the content.<\/p>\n\n\n\n<p>The information provided on this website is for informational purposes only and does not constitute a contractual offer.<\/p>\n<\/div>\n\n\n\n<div style=\"height:8px\" aria-hidden=\"true\" class=\"wp-block-spacer\"><\/div>\n\n\n\n<div class=\"wp-block-group has-global-padding is-layout-constrained wp-block-group-is-layout-constrained\">\n<h2 class=\"wp-block-heading has-large-font-size\">6. Hyperlinks<\/h2>\n\n\n\n<p class=\"has-text-align-left\">The website <a href=\"https:\/\/pro.indiqo.fr\/en\/\" data-type=\"page\" data-id=\"125\">pro.indiqo.fr<\/a> may contain links to other websites. INDIQO has no control over such external sites and declines any responsibility for their content.<\/p>\n<\/div>\n\n\n\n<div style=\"height:8px\" aria-hidden=\"true\" class=\"wp-block-spacer\"><\/div>\n\n\n\n<div class=\"wp-block-group has-global-padding is-layout-constrained wp-block-group-is-layout-constrained\">\n<h2 class=\"wp-block-heading has-large-font-size\">7. Personal data<\/h2>\n\n\n\n<p class=\"has-text-align-left\">For any information regarding the collection and processing of personal data, please refer to the website\u2019s <a href=\"https:\/\/pro.indiqo.fr\/en\/politique-de-confidentialite-et-protection-des-donnees-personnelles\/\">Privacy policy<\/a>&nbsp;.<\/p>\n<\/div>\n\n\n\n<div style=\"height:var(--wp--preset--spacing--50)\" aria-hidden=\"true\" class=\"wp-block-spacer\"><\/div>","protected":false},"excerpt":{"rendered":"<p>1. Editeur du site Le pr\u00e9sent site internet pro.indiqo.fr est \u00e9dit\u00e9 par : INDIQO SARLSoci\u00e9t\u00e9 \u00e0 Responsabilit\u00e9 Limit\u00e9e au capital de 7 500\u20acSi\u00e8ge social : 35 rue de la Poste, 69380 Charnay, FranceImmatricul\u00e9e au RCS de Villefranche-Tarare : 101 971 026 Repr\u00e9sent\u00e9e par son G\u00e9rant : Florent Cannelle Email :&nbsp;contact@indiqo.fr 2. Activit\u00e9 INDIQO exerce une [&hellip;]<\/p>\n","protected":false},"author":1,"featured_media":0,"parent":0,"menu_order":0,"comment_status":"closed","ping_status":"closed","template":"","meta":{"footnotes":""},"class_list":["post-75","page","type-page","status-publish","hentry"],"_links":{"self":[{"href":"https:\/\/pro.indiqo.fr\/en\/wp-json\/wp\/v2\/pages\/75","targetHints":{"allow":["GET"]}}],"collection":[{"href":"https:\/\/pro.indiqo.fr\/en\/wp-json\/wp\/v2\/pages"}],"about":[{"href":"https:\/\/pro.indiqo.fr\/en\/wp-json\/wp\/v2\/types\/page"}],"author":[{"embeddable":true,"href":"https:\/\/pro.indiqo.fr\/en\/wp-json\/wp\/v2\/users\/1"}],"replies":[{"embeddable":true,"href":"https:\/\/pro.indiqo.fr\/en\/wp-json\/wp\/v2\/comments?post=75"}],"version-history":[{"count":12,"href":"https:\/\/pro.indiqo.fr\/en\/wp-json\/wp\/v2\/pages\/75\/revisions"}],"predecessor-version":[{"id":359,"href":"https:\/\/pro.indiqo.fr\/en\/wp-json\/wp\/v2\/pages\/75\/revisions\/359"}],"wp:attachment":[{"href":"https:\/\/pro.indiqo.fr\/en\/wp-json\/wp\/v2\/media?parent=75"}],"curies":[{"name":"wp","href":"https:\/\/api.w.org\/{rel}","templated":true}]}}