{"id":88,"date":"2025-09-29T17:07:37","date_gmt":"2025-09-29T16:07:37","guid":{"rendered":"https:\/\/pro.indiqo.fr\/?page_id=88"},"modified":"2025-10-09T13:51:58","modified_gmt":"2025-10-09T12:51:58","slug":"contactez-nous","status":"publish","type":"page","link":"https:\/\/pro.indiqo.fr\/en\/contactez-nous\/","title":{"rendered":"Contactez-nous !"},"content":{"rendered":"\n<div style=\"height:15px\" aria-hidden=\"true\" class=\"wp-block-spacer\"><\/div>\n\n\n\n<div class=\"wp-block-cover alignfull is-light\" style=\"margin-top:0;padding-top:5vw;padding-right:5vw;padding-bottom:5vw;padding-left:5vw\"><img loading=\"lazy\" decoding=\"async\" width=\"1024\" height=\"683\" class=\"wp-block-cover__image-background wp-image-90 size-large\" alt=\"assorted postage stamps on blue and white textile\" src=\"https:\/\/pro.indiqo.fr\/wp-content\/uploads\/2025\/09\/81eov8vox8k-1024x683.jpg\" data-object-fit=\"cover\" srcset=\"https:\/\/pro.indiqo.fr\/wp-content\/uploads\/2025\/09\/81eov8vox8k-1024x683.jpg 1024w, https:\/\/pro.indiqo.fr\/wp-content\/uploads\/2025\/09\/81eov8vox8k-300x200.jpg 300w, https:\/\/pro.indiqo.fr\/wp-content\/uploads\/2025\/09\/81eov8vox8k-768x512.jpg 768w, https:\/\/pro.indiqo.fr\/wp-content\/uploads\/2025\/09\/81eov8vox8k-1536x1024.jpg 1536w, https:\/\/pro.indiqo.fr\/wp-content\/uploads\/2025\/09\/81eov8vox8k-610x407.jpg 610w, https:\/\/pro.indiqo.fr\/wp-content\/uploads\/2025\/09\/81eov8vox8k.jpg 1600w\" sizes=\"auto, (max-width: 1024px) 100vw, 1024px\" \/><span aria-hidden=\"true\" class=\"wp-block-cover__background has-background-dim-60 has-background-dim\" style=\"background-color:#c2b7a4\"><\/span><div class=\"wp-block-cover__inner-container has-global-padding is-layout-constrained wp-container-core-cover-is-layout-832bbb0f wp-block-cover-is-layout-constrained\">\n<div class=\"wp-block-cover is-light has-border-color has-custom-noir-border-color has-aspect-ratio\" style=\"border-width:2px;border-radius:11px;margin-top:0;margin-bottom:0;padding-top:0;padding-bottom:0;aspect-ratio:auto;min-height:unset;\"><span aria-hidden=\"true\" class=\"wp-block-cover__background has-custom-blanc-background-color has-background-dim-90 has-background-dim\"><\/span><div class=\"wp-block-cover__inner-container has-global-padding is-layout-constrained wp-container-core-cover-is-layout-4897f5cc wp-block-cover-is-layout-constrained\"><style id=\"wpforms-css-vars-82-block-86e86cf0-9f22-412b-b88c-fa2fea24576a\">\n\t\t\t\t#wpforms-82.wpforms-block-86e86cf0-9f22-412b-b88c-fa2fea24576a {\n\t\t\t\t--wpforms-label-color: #2b1b69;\n--wpforms-label-sublabel-color: #030303;\n--wpforms-label-error-color: #ff0505;\n--wpforms-field-background-color: #fcfcfc;\n--wpforms-field-border-color: #2b1b69;\n--wpforms-field-border-color-spare: #2b1b69;\n--wpforms-field-text-color: #030303;\n--wpforms-field-menu-color: #fcfcfc;\n--wpforms-button-background-color: #53d571;\n--wpforms-button-text-color: #fcfcfc;\n--wpforms-button-border-color: #b84d7d;\n--wpforms-field-size-input-height: 43px;\n--wpforms-field-size-input-spacing: 15px;\n--wpforms-field-size-font-size: 16px;\n--wpforms-field-size-line-height: 19px;\n--wpforms-field-size-padding-h: 14px;\n--wpforms-field-size-checkbox-size: 16px;\n--wpforms-field-size-sublabel-spacing: 5px;\n--wpforms-field-size-icon-size: 1;\n--wpforms-label-size-font-size: 16px;\n--wpforms-label-size-line-height: 19px;\n--wpforms-label-size-sublabel-font-size: 14px;\n--wpforms-label-size-sublabel-line-height: 17px;\n--wpforms-button-size-font-size: 17px;\n--wpforms-button-size-height: 41px;\n--wpforms-button-size-padding-h: 15px;\n--wpforms-button-size-margin-top: 10px;\n\t\t\t}\n\t\t\t<\/style><div class=\"wpforms-container wpforms-container-full wpforms-block wpforms-block-86e86cf0-9f22-412b-b88c-fa2fea24576a wpforms-render-modern\" id=\"wpforms-82\"><form id=\"wpforms-form-82\" class=\"wpforms-validate wpforms-form wpforms-ajax-form\" data-formid=\"82\" method=\"post\" enctype=\"multipart\/form-data\" action=\"\/en\/wp-json\/wp\/v2\/pages\/88\" data-token=\"481c3ec581ec18b20e3287c091c1a07d\" data-token-time=\"1775802071\"><noscript class=\"wpforms-error-noscript\">Please enable JavaScript in your browser to complete this form.<\/noscript><div id=\"wpforms-error-noscript\" style=\"display: none;\">Please enable JavaScript in your browser to complete this form.<\/div><div class=\"wpforms-field-container\"><div id=\"wpforms-82-field_1-container\" class=\"wpforms-field wpforms-field-name\" data-field-id=\"1\"><fieldset><legend class=\"wpforms-field-label\">Nom <span class=\"wpforms-required-label\" aria-hidden=\"true\">*<\/span><\/legend><div class=\"wpforms-field-row wpforms-field-medium\"><div class=\"wpforms-field-row-block wpforms-first wpforms-one-half\"><input type=\"text\" id=\"wpforms-82-field_1\" class=\"wpforms-field-name-first wpforms-field-required\" name=\"wpforms[fields][1][first]\" aria-errormessage=\"wpforms-82-field_1-error\" required><label for=\"wpforms-82-field_1\" class=\"wpforms-field-sublabel after\">First<\/label><\/div><div class=\"wpforms-field-row-block wpforms-one-half\"><input type=\"text\" id=\"wpforms-82-field_1-last\" class=\"wpforms-field-name-last wpforms-field-required\" name=\"wpforms[fields][1][last]\" aria-errormessage=\"wpforms-82-field_1-last-error\" required><label for=\"wpforms-82-field_1-last\" class=\"wpforms-field-sublabel after\">Last<\/label><\/div><\/div><\/fieldset><\/div>\t\t<div id=\"wpforms-82-field_5-container\"\n\t\t\tclass=\"wpforms-field wpforms-field-text\"\n\t\t\tdata-field-type=\"text\"\n\t\t\tdata-field-id=\"5\"\n\t\t\t>\n\t\t\t<label class=\"wpforms-field-label\" for=\"wpforms-82-field_5\" >Nom Entreprise Message<\/label>\n\t\t\t<input type=\"text\" id=\"wpforms-82-field_5\" class=\"wpforms-field-medium\" name=\"wpforms[fields][5]\" >\n\t\t<\/div>\n\t\t<div id=\"wpforms-82-field_6-container\" class=\"wpforms-field wpforms-field-text\" data-field-id=\"6\"><label class=\"wpforms-field-label\" for=\"wpforms-82-field_6\">Entreprise<\/label><input type=\"text\" id=\"wpforms-82-field_6\" class=\"wpforms-field-medium\" name=\"wpforms[fields][6]\" aria-errormessage=\"wpforms-82-field_6-error\" ><\/div><div id=\"wpforms-82-field_2-container\" class=\"wpforms-field wpforms-field-email\" data-field-id=\"2\"><label class=\"wpforms-field-label\" for=\"wpforms-82-field_2\">E-mail <span class=\"wpforms-required-label\" aria-hidden=\"true\">*<\/span><\/label><input type=\"email\" id=\"wpforms-82-field_2\" class=\"wpforms-field-medium wpforms-field-required\" name=\"wpforms[fields][2]\" spellcheck=\"false\" aria-errormessage=\"wpforms-82-field_2-error\" required><\/div><div id=\"wpforms-82-field_3-container\" class=\"wpforms-field wpforms-field-textarea\" data-field-id=\"3\"><label class=\"wpforms-field-label\" for=\"wpforms-82-field_3\">Message<\/label><textarea id=\"wpforms-82-field_3\" class=\"wpforms-field-medium\" name=\"wpforms[fields][3]\" aria-errormessage=\"wpforms-82-field_3-error\" ><\/textarea><\/div><div id=\"wpforms-82-field_4-container\" class=\"wpforms-field wpforms-field-gdpr-checkbox\" data-field-id=\"4\"><label class=\"wpforms-field-label\">Accord RGPD <span class=\"wpforms-required-label\" aria-hidden=\"true\">*<\/span><\/label><ul id=\"wpforms-82-field_4\" class=\"wpforms-field-required\"><li class=\"choice-1\"><input type=\"checkbox\" id=\"wpforms-82-field_4_1\" name=\"wpforms[fields][4][]\" value=\"Je consens \u00e0 ce que ce site stocke mes informations envoy\u00e9es afin qu\u2019ils puissent r\u00e9pondre \u00e0 ma requ\u00eate.\" aria-errormessage=\"wpforms-82-field_4_1-error\" required ><label class=\"wpforms-field-label-inline\" for=\"wpforms-82-field_4_1\">Je consens \u00e0 ce que ce site stocke mes informations envoy\u00e9es afin qu\u2019ils puissent r\u00e9pondre \u00e0 ma requ\u00eate.<\/label><\/li><\/ul><\/div><script>\n\t\t\t\t( function() {\n\t\t\t\t\tconst style = document.createElement( 'style' );\n\t\t\t\t\tstyle.appendChild( document.createTextNode( '#wpforms-82-field_5-container { position: absolute !important; overflow: hidden !important; display: inline !important; height: 1px !important; width: 1px !important; z-index: -1000 !important; padding: 0 !important; } #wpforms-82-field_5-container input { visibility: hidden; } #wpforms-conversational-form-page #wpforms-82-field_5-container label { counter-increment: none; }' ) );\n\t\t\t\t\tdocument.head.appendChild( style );\n\t\t\t\t\tdocument.currentScript?.remove();\n\t\t\t\t} )();\n\t\t\t<\/script><\/div><!-- .wpforms-field-container --><div class=\"wpforms-recaptcha-container wpforms-is-hcaptcha\" ><div class=\"h-captcha\" data-sitekey=\"5fc62326-7120-4292-a1cc-10d82bc2f822\"><\/div><input type=\"text\" name=\"g-recaptcha-hidden\" class=\"wpforms-recaptcha-hidden\" style=\"position:absolute!important;clip:rect(0,0,0,0)!important;height:1px!important;width:1px!important;border:0!important;overflow:hidden!important;padding:0!important;margin:0!important;\" data-rule-hcaptcha=\"1\"><\/div><div class=\"wpforms-submit-container\" ><input type=\"hidden\" name=\"wpforms[id]\" value=\"82\"><input type=\"hidden\" name=\"page_title\" value=\"\"><input type=\"hidden\" name=\"page_url\" value=\"https:\/\/pro.indiqo.fr\/en\/wp-json\/wp\/v2\/pages\/88\"><input type=\"hidden\" name=\"url_referer\" value=\"\"><button type=\"submit\" name=\"wpforms[submit]\" id=\"wpforms-submit-82\" class=\"wpforms-submit\" data-alt-text=\"Envoi...\" data-submit-text=\"Envoyer\" aria-live=\"assertive\" value=\"wpforms-submit\">Envoyer<\/button><img loading=\"lazy\" decoding=\"async\" src=\"https:\/\/pro.indiqo.fr\/wp-content\/plugins\/wpforms-lite\/assets\/images\/submit-spin.svg\" class=\"wpforms-submit-spinner\" style=\"display: none;\" width=\"26\" height=\"26\" alt=\"Loading\"><\/div><\/form><\/div>  <!-- .wpforms-container -->\n\n\n<p class=\"has-small-font-size\"><em>Ce formulaire est prot\u00e9g\u00e9 par\u00a0hCaptcha. Son utilisation implique le traitement de certaines donn\u00e9es personnelles (dont votre adresse IP et d\u2019autres donn\u00e9es techniques) par le service hCaptcha, afin de diff\u00e9rencier les envois humains des envois automatis\u00e9s. Pour plus d\u2019informations, vous pouvez consulter la <a href=\"https:\/\/www.hcaptcha.com\/privacy\">Politique de confidentialit\u00e9 de hCaptcha<\/a>.<\/em><\/p>\n\n\n\n<div style=\"height:15px\" aria-hidden=\"true\" class=\"wp-block-spacer\"><\/div>\n<\/div><\/div>\n<\/div><\/div>\n","protected":false},"excerpt":{"rendered":"","protected":false},"author":1,"featured_media":0,"parent":0,"menu_order":0,"comment_status":"closed","ping_status":"closed","template":"page-no-title","meta":{"footnotes":""},"class_list":["post-88","page","type-page","status-publish","hentry"],"_links":{"self":[{"href":"https:\/\/pro.indiqo.fr\/en\/wp-json\/wp\/v2\/pages\/88","targetHints":{"allow":["GET"]}}],"collection":[{"href":"https:\/\/pro.indiqo.fr\/en\/wp-json\/wp\/v2\/pages"}],"about":[{"href":"https:\/\/pro.indiqo.fr\/en\/wp-json\/wp\/v2\/types\/page"}],"author":[{"embeddable":true,"href":"https:\/\/pro.indiqo.fr\/en\/wp-json\/wp\/v2\/users\/1"}],"replies":[{"embeddable":true,"href":"https:\/\/pro.indiqo.fr\/en\/wp-json\/wp\/v2\/comments?post=88"}],"version-history":[{"count":14,"href":"https:\/\/pro.indiqo.fr\/en\/wp-json\/wp\/v2\/pages\/88\/revisions"}],"predecessor-version":[{"id":289,"href":"https:\/\/pro.indiqo.fr\/en\/wp-json\/wp\/v2\/pages\/88\/revisions\/289"}],"wp:attachment":[{"href":"https:\/\/pro.indiqo.fr\/en\/wp-json\/wp\/v2\/media?parent=88"}],"curies":[{"name":"wp","href":"https:\/\/api.w.org\/{rel}","templated":true}]}}